{"id":66,"date":"2023-01-06T15:57:35","date_gmt":"2023-01-06T15:57:35","guid":{"rendered":"http:\/\/103.57.74.151\/?page_id=66"},"modified":"2023-01-06T16:08:47","modified_gmt":"2023-01-06T16:08:47","slug":"produkter","status":"publish","type":"page","link":"https:\/\/radcontrol.se\/index.php\/produkter\/","title":{"rendered":""},"content":{"rendered":"\n<h2 class=\"wp-block-heading\">Produkter<\/h2>\n\n\n\n<p>F\u00f6r att m\u00e4ta byggprodukter idag som skall deklareras s\u00e5 m\u00e5ste detta utf\u00f6ras av ett ackrediterat organ.<br>V\u00e5r samarbetspartner MMK (<a rel=\"noreferrer noopener\" href=\"http:\/\/markomiljo.se\/\" target=\"_blank\">Mark och Milj\u00f6kontroll<\/a>) \u00e4r ackrediterade och hj\u00e4lper oss med f\u00e4ltm\u00e4tningarna.<\/p>\n\n\n\n<p>Under b\u00f6rjan av 2017 kommer vi kunna presentera ett smidigt system f\u00f6r kontrollm\u00e4tning av farliga \u00e4mnen.<br>V\u00e4l anpassat f\u00f6r dagens h\u00f6ga produktionstempo.<\/p>\n\n\n\n<h2 class=\"wp-block-heading\">Vad \u00e4r str\u00e5lning<\/h2>\n\n\n\n<p>Str\u00e5lning \u00e4r materialets egenskap att alstra energi I form av v\u00e5gor eller partiklar. Det finns olika typer av energi samt olika typer av str\u00e5lning.<\/p>\n\n\n\n<p><em>Bilden \u00e4r h\u00e4mtad fr\u00e5n SSM report 2007<\/em><\/p>\n\n\n\n<figure class=\"wp-block-image size-large\"><img loading=\"lazy\" decoding=\"async\" width=\"1024\" height=\"315\" src=\"http:\/\/103.57.74.151\/wp-content\/uploads\/2023\/01\/rad_scale-1024x315.png\" alt=\"\" class=\"wp-image-67\" srcset=\"https:\/\/radcontrol.se\/wp-content\/uploads\/2023\/01\/rad_scale-1024x315.png 1024w, https:\/\/radcontrol.se\/wp-content\/uploads\/2023\/01\/rad_scale-300x92.png 300w, https:\/\/radcontrol.se\/wp-content\/uploads\/2023\/01\/rad_scale-768x236.png 768w, https:\/\/radcontrol.se\/wp-content\/uploads\/2023\/01\/rad_scale.png 1387w\" sizes=\"auto, (max-width: 1024px) 100vw, 1024px\" \/><\/figure>\n\n\n\n<p>Icke-joniserande str\u00e5lning f\u00f6rekommer i v\u00e5rt moderna samh\u00e4lle mycket ofta: WiFi, Mikrov\u00e5gsugnar, TV, Mobil- och Satellit- telefoner.<br>\u00c4ven v\u00e4rmeelement och UV \u00e4r exempel p\u00e5 icke-joniserande str\u00e5lning.<\/p>\n\n\n\n<p>Joniserande str\u00e5lning \u00e4r vanligt i v\u00e5ra liv och anv\u00e4nds fr\u00e4mst inom: Medicinska unders\u00f6kningar, Tandl\u00e4kare, Brandvarnare i v\u00e5ra hem, Niv\u00e5m\u00e4tare inom industri, Livsmedelsindustrin.<\/p>\n\n\n\n<p>Skillnaden mellan joniserande och icke-joniserande str\u00e5lning \u00e4r att den f\u00f6rsta producerar energi i form av v\u00e5gor och partiklar, medan den andra endast I form av v\u00e5gor.<br>Joniserande str\u00e5lning kan vara alfa, beta, gamma, neutron samt r\u00f6ntgen. De tre mest f\u00f6rekommande i v\u00e5r vardag \u00e4r alfa, beta och gamma. De alstrar olika energier och alfa \u00e4r starkast av dessa, 20 g\u00e5nger starkare \u00e4n beta och gamma, dock har den kortaste r\u00e4ckvidd. Skyddet fr\u00e5n olika typer av str\u00e5lningen \u00e4r olika.<\/p>\n\n\n\n<p><em>Bilden visar hur str\u00e5larna stoppas av olika material.<\/em><\/p>\n\n\n\n<figure class=\"wp-block-image size-full\"><img loading=\"lazy\" decoding=\"async\" width=\"833\" height=\"346\" src=\"http:\/\/103.57.74.151\/wp-content\/uploads\/2023\/01\/rad_through.png\" alt=\"\" class=\"wp-image-75\" srcset=\"https:\/\/radcontrol.se\/wp-content\/uploads\/2023\/01\/rad_through.png 833w, https:\/\/radcontrol.se\/wp-content\/uploads\/2023\/01\/rad_through-300x125.png 300w, https:\/\/radcontrol.se\/wp-content\/uploads\/2023\/01\/rad_through-768x319.png 768w\" sizes=\"auto, (max-width: 833px) 100vw, 833px\" \/><\/figure>\n\n\n\n<p>Radioaktivt material f\u00f6rekommer \u00f6verallt I v\u00e5r milj\u00f6 och har alltid funnits d\u00e4r fr\u00e5n begynnelsen. M\u00e4nniskan samt samtliga djur och v\u00e4xter har utvecklats under tusentals \u00e5r i str\u00e5lningsmilj\u00f6n och v\u00e5r DNA har utvecklat mekanismer att reparera viss m\u00e4ngd av skador fr\u00e5n joniserande str\u00e5lning. Men m\u00e4nniskans inverkan p\u00e5 omgivningen ledde till att st\u00f6rre m\u00e4ngder av radioaktive \u00e4mnen \u00e4r koncentrerade runt oss i till exempel byggnader, konstruktioner, vatten och inomhusluft. I vissa fall kan de koncentrationer vi skapat av m\u00e4nsklig hand av radioaktivt material han vara h\u00f6gre \u00e4n det som v\u00e5ra DNA kan reparera. Blir ett permanent fel som kan leda till best\u00e5ende f\u00f6r\u00e4ndring eller som v\u00e4rst att felet orsakar fel s\u00e5 man inte kan forts\u00e4tta leva.<\/p>\n\n\n\n<p>Enligt FNs organ UNSCEAR (UN Scientific Committee for Effects of Atomic Radiation) bed\u00f6ms v\u00e4rldens genomsnittliga \u00e5rliga effektiva dos enligt nedan:<br>Enkelt konstaterat \u00e4r att Radon ger enskilt st\u00f6rt p\u00e5verkan.<\/p>\n\n\n\n<figure class=\"wp-block-image size-full\"><img loading=\"lazy\" decoding=\"async\" width=\"259\" height=\"169\" src=\"http:\/\/103.57.74.151\/wp-content\/uploads\/2023\/01\/table_rad.png\" alt=\"\" class=\"wp-image-76\"\/><\/figure>\n\n\n\n<p>Sammanst\u00e4llningen i Sverige har gjorts av SSM (<a href=\"http:\/\/www.stralsakerhetsmyndigheten.se\/start\/\" target=\"_blank\" rel=\"noreferrer noopener\">Statens Str\u00e5lskyddsmyndighet<\/a>)<\/p>\n\n\n\n<p><strong><em>Biologiska Effekten<\/em><\/strong><br>Den biologiska effekten av str\u00e5lningen beror p\u00e5 m\u00e4ngd, typ av str\u00e5lning samt exponeringstid. Den kan resultera i f\u00f6ljande effekter.<\/p>\n\n\n\n<figure class=\"wp-block-image size-full\"><img loading=\"lazy\" decoding=\"async\" width=\"876\" height=\"494\" src=\"http:\/\/103.57.74.151\/wp-content\/uploads\/2023\/01\/causes_map.png\" alt=\"\" class=\"wp-image-78\" srcset=\"https:\/\/radcontrol.se\/wp-content\/uploads\/2023\/01\/causes_map.png 876w, https:\/\/radcontrol.se\/wp-content\/uploads\/2023\/01\/causes_map-300x169.png 300w, https:\/\/radcontrol.se\/wp-content\/uploads\/2023\/01\/causes_map-768x433.png 768w\" sizes=\"auto, (max-width: 876px) 100vw, 876px\" \/><\/figure>\n\n\n\n<p><strong>Naturligt f\u00f6rekommande radioaktivitet<\/strong><em><br>Naturligt f\u00f6rekommande aktivitet \u00e4r ett samlingsnamn f\u00f6r flera kemiska element: uran (U), radium (Ra), Thorium (Th) samt kalium (K). dessa element f\u00f6rekommer i m\u00e5nga mineraler och i mark och kan detekteras i de flesta byggmaterial. U, Ra, Th, K-40 \u00e4r radioaktiva \u00e4mnen och kan framkalla Cancer i m\u00e4nniskans kropp vid l\u00e5ngtidsexponering vid h\u00f6ga halter.<br>Uran och Radium \u00e4r dessutom Radonets \u201df\u00f6rf\u00e4der\u201d. Radon (Rn) \u00e4r radioaktiv gas som i inomhusmilj\u00f6 kan koncentreras i h\u00f6ga halter och orsaka lungcancer.<\/em><\/p>\n\n\n\n<h2 class=\"wp-block-heading\">RCI &#8211; Radiation Control Instruments<\/h2>\n\n\n\n<p>Vi \u00e4r f\u00f6retaget som specialiserat oss p\u00e5 str\u00e5lningsm\u00e4tning av byggprodukter.<\/p>\n\n\n\n<p>Enligt EU:s direktiv&nbsp;<strong>EU COUNCIL DIRECTIVE 2013\/59\/EURATOM<\/strong>&nbsp;s\u00e5 m\u00e5ste alla byggprodukter kontrolleras, m\u00e4tas upp och deklareras. Vi erbjuder systemet som verifierar just dina byggprodukter.<\/p>\n\n\n\n<p>Just nu p\u00e5g\u00e5r ett intensivt arbete hos myndigheter f\u00f6r att inf\u00f6ra detta direktiv i hur uppfyllelse av lagkrav och efterlevnad skall kontrolleras i alla EU-l\u00e4nder.<br>\u00c4r du beredd att s\u00e4lja eller k\u00f6pa n\u00e5gon byggprodukt som inte \u00e4r kontrollerad ?<\/p>\n\n\n\n<p>Lagkravet f\u00f6r EU skall vara inf\u00f6rt 2018-02-06 i full verkan.<\/p>\n","protected":false},"excerpt":{"rendered":"<p>Produkter F\u00f6r att m\u00e4ta byggprodukter idag som skall deklareras s\u00e5 m\u00e5ste detta utf\u00f6ras av ett ackrediterat organ.V\u00e5r samarbetspartner MMK (Mark och Milj\u00f6kontroll) \u00e4r ackrediterade och hj\u00e4lper oss med f\u00e4ltm\u00e4tningarna. Under b\u00f6rjan av 2017 kommer vi kunna presentera ett smidigt system f\u00f6r kontrollm\u00e4tning av farliga \u00e4mnen.V\u00e4l anpassat f\u00f6r dagens h\u00f6ga produktionstempo. Vad \u00e4r str\u00e5lning Str\u00e5lning \u00e4r [&hellip;]<\/p>\n","protected":false},"author":1,"featured_media":0,"parent":0,"menu_order":0,"comment_status":"closed","ping_status":"closed","template":"","meta":{"footnotes":""},"class_list":["post-66","page","type-page","status-publish","hentry"],"_links":{"self":[{"href":"https:\/\/radcontrol.se\/index.php\/wp-json\/wp\/v2\/pages\/66","targetHints":{"allow":["GET"]}}],"collection":[{"href":"https:\/\/radcontrol.se\/index.php\/wp-json\/wp\/v2\/pages"}],"about":[{"href":"https:\/\/radcontrol.se\/index.php\/wp-json\/wp\/v2\/types\/page"}],"author":[{"embeddable":true,"href":"https:\/\/radcontrol.se\/index.php\/wp-json\/wp\/v2\/users\/1"}],"replies":[{"embeddable":true,"href":"https:\/\/radcontrol.se\/index.php\/wp-json\/wp\/v2\/comments?post=66"}],"version-history":[{"count":5,"href":"https:\/\/radcontrol.se\/index.php\/wp-json\/wp\/v2\/pages\/66\/revisions"}],"predecessor-version":[{"id":79,"href":"https:\/\/radcontrol.se\/index.php\/wp-json\/wp\/v2\/pages\/66\/revisions\/79"}],"wp:attachment":[{"href":"https:\/\/radcontrol.se\/index.php\/wp-json\/wp\/v2\/media?parent=66"}],"curies":[{"name":"wp","href":"https:\/\/api.w.org\/{rel}","templated":true}]}}